{"id":75,"date":"2023-05-29T18:04:13","date_gmt":"2023-05-29T18:04:13","guid":{"rendered":"http:\/\/antolinasesores.es\/?page_id=75"},"modified":"2023-06-05T19:13:58","modified_gmt":"2023-06-05T19:13:58","slug":"envia-tu-curriculum","status":"publish","type":"page","link":"https:\/\/antolinasesores.es\/en\/envia-tu-curriculum\/","title":{"rendered":"env\u00eda tu curriculum"},"content":{"rendered":"<p>[et_pb_section fb_built=\u00bb1&#8243; custom_padding_last_edited=\u00bbon|phone\u00bb _builder_version=\u00bb4.21.0&#8243; _module_preset=\u00bbdefault\u00bb background_color=\u00bb#17161a\u00bb use_background_color_gradient=\u00bbon\u00bb background_color_gradient_stops=\u00bbrgba(23,22,26,0.8) 0%|rgba(23,22,26,0.8) 100%\u00bb background_color_gradient_overlays_image=\u00bbon\u00bb background_image=\u00bbhttp:\/\/antolinasesores.es\/wp-content\/uploads\/2023\/06\/two-friendly-business-partner-discussing-work-wor-2023-04-18-01-26-56-utc.jpg\u00bb custom_margin=\u00bb0px||0px||false|false\u00bb custom_padding=\u00bb20vh||20vh||true|false\u00bb custom_padding_tablet=\u00bb160px||160px||true|false\u00bb custom_padding_phone=\u00bb120px||120px||true|false\u00bb animation_style=\u00bbfade\u00bb animation_duration=\u00bb850ms\u00bb hover_enabled=\u00bb0&#8243; custom_css_main_element=\u00bb||background-blend-mode: luminosity;\u00bb locked=\u00bboff\u00bb global_colors_info=\u00bb{}\u00bb title_text=\u00bbtwo-friendly-business-partner-discussing-work-wor-2023-04-18-01-26-56-utc\u00bb sticky_enabled=\u00bb0&#8243;][et_pb_row _builder_version=\u00bb4.21.0&#8243; _module_preset=\u00bbdefault\u00bb width=\u00bb90%\u00bb max_width=\u00bb1170px\u00bb custom_margin=\u00bb0px||0px||false|false\u00bb custom_padding=\u00bb0px||0px||false|false\u00bb global_colors_info=\u00bb{}\u00bb][et_pb_column type=\u00bb4_4&#8243; _builder_version=\u00bb4.17.4&#8243; _module_preset=\u00bbdefault\u00bb global_colors_info=\u00bb{}\u00bb][et_pb_text _builder_version=\u00bb4.21.0&#8243; _module_preset=\u00bbdefault\u00bb header_font=\u00bbOverpass|900||on|||||\u00bb header_text_align=\u00bbcenter\u00bb header_text_color=\u00bb#FFFFFF\u00bb header_font_size=\u00bb11vh\u00bb header_letter_spacing=\u00bb-1px\u00bb header_line_height=\u00bb0.9em\u00bb custom_margin=\u00bb0px||0px||false|false\u00bb custom_padding=\u00bb11px||0px||false|false\u00bb animation_style=\u00bbslide\u00bb animation_direction=\u00bbbottom\u00bb animation_delay=\u00bb500ms\u00bb animation_intensity_slide=\u00bb5%\u00bb header_font_size_tablet=\u00bb82px\u00bb header_font_size_phone=\u00bb40px\u00bb header_font_size_last_edited=\u00bbon|tablet\u00bb header_letter_spacing_tablet=\u00bb-1px\u00bb header_letter_spacing_phone=\u00bb-1px\u00bb header_letter_spacing_last_edited=\u00bbon|phone\u00bb header_line_height_tablet=\u00bb0.9em\u00bb header_line_height_phone=\u00bb0.8em\u00bb header_line_height_last_edited=\u00bbon|phone\u00bb global_colors_info=\u00bb{}\u00bb]<\/p>\n<h1>ENV\u00cdA TU CURRICULUM<\/h1>\n<p>[\/et_pb_text][\/et_pb_column][\/et_pb_row][\/et_pb_section][et_pb_section fb_built=\u00bb1&#8243; _builder_version=\u00bb4.21.0&#8243; _module_preset=\u00bbdefault\u00bb custom_margin=\u00bb0px||0px||true|false\u00bb custom_padding=\u00bb100px||0px||false|false\u00bb locked=\u00bboff\u00bb global_colors_info=\u00bb{}\u00bb][et_pb_row column_structure=\u00bb1_3,2_3&#8243; _builder_version=\u00bb4.21.0&#8243; _module_preset=\u00bbdefault\u00bb global_colors_info=\u00bb{}\u00bb][et_pb_column type=\u00bb1_3&#8243; _builder_version=\u00bb4.21.0&#8243; _module_preset=\u00bbdefault\u00bb global_colors_info=\u00bb{}\u00bb][et_pb_image src=\u00bbhttp:\/\/antolinasesores.es\/wp-content\/uploads\/2023\/06\/asian-businesspeople-shaking-hands-agree-with-the-2023-03-23-05-20-06-utc.jpg\u00bb title_text=\u00bbasian-businesspeople-shaking-hands-agree-with-the-2023-03-23-05-20-06-utc\u00bb align_tablet=\u00bbcenter\u00bb align_phone=\u00bbcenter\u00bb align_last_edited=\u00bbon|tablet\u00bb _builder_version=\u00bb4.21.0&#8243; _module_preset=\u00bbdefault\u00bb background_enable_color=\u00bboff\u00bb custom_margin=\u00bb0px||0px||false|false\u00bb custom_padding=\u00bb0px||0px||false|false\u00bb custom_css_before=\u00bbposition: absolute;||    bottom: 0;||    left: -40px;||    height: 224px;||    width: 20px;||    content: %22%22;||    background-color:#b82832;\u00bb global_colors_info=\u00bb{}\u00bb filter_contrast__hover_enabled=\u00bboff|desktop\u00bb filter_hue_rotate__hover_enabled=\u00bboff|desktop\u00bb custom_css_before_last_edited=\u00bbon|tablet\u00bb custom_css_before_tablet=\u00bbposition: absolute;||    bottom: 0;||    left: 50px;||    height: 224px;||    width: 20px;||    content: %22%22;||    background-color:#dd0429;\u00bb custom_css_before_phone=\u00bbposition: absolute;||    bottom: 0;||    left: 50px;||    height: 224px;||    width: 20px;||    content: %22%22;||    background-color:#dd0429;\u00bb][\/et_pb_image][\/et_pb_column][et_pb_column type=\u00bb2_3&#8243; _builder_version=\u00bb4.21.0&#8243; _module_preset=\u00bbdefault\u00bb global_colors_info=\u00bb{}\u00bb][et_pb_text disabled_on=\u00bboff|off|off\u00bb _builder_version=\u00bb4.21.0&#8243; _module_preset=\u00bbdefault\u00bb header_2_font=\u00bbOverpass|900||on|||||\u00bb header_2_text_align=\u00bbleft\u00bb header_2_text_color=\u00bb#17161a\u00bb header_2_font_size=\u00bb52px\u00bb header_2_letter_spacing=\u00bb-1px\u00bb header_2_line_height=\u00bb1.2em\u00bb custom_margin=\u00bb0px||12px||false|false\u00bb custom_padding=\u00bb0px||0px||false|false\u00bb header_2_font_size_tablet=\u00bb52px\u00bb header_2_font_size_phone=\u00bb30px\u00bb header_2_font_size_last_edited=\u00bbon|phone\u00bb locked=\u00bboff\u00bb global_colors_info=\u00bb{}\u00bb]<\/p>\n<h2>Trabaja con nosotros<\/h2>\n<p>[\/et_pb_text][et_pb_text _builder_version=\u00bb4.21.0&#8243; _module_preset=\u00bbdefault\u00bb text_font=\u00bbManrope||||||||\u00bb text_text_color=\u00bb#000000&#8243; text_font_size=\u00bb18px\u00bb text_line_height=\u00bb2em\u00bb custom_margin=\u00bb0px||20px||false|false\u00bb custom_margin_tablet=\u00bb10px||0px||false|false\u00bb custom_margin_phone=\u00bb10px||0px||false|false\u00bb custom_margin_last_edited=\u00bbon|phone\u00bb custom_padding=\u00bb0px||0px||false|false\u00bb locked=\u00bboff\u00bb global_colors_info=\u00bb{}\u00bb]<\/p>\n<p style=\"text-align: left;\">Al trabajar en Antol\u00edn Asesores formar\u00e1s parte de un equipo multidisciplinar donde podr\u00e1s demostrar tu val\u00eda profesional. \u00bfQuieres dirigir tu carrera con \u00e9xito? Rellena el siguiente formulario y d\u00e9janos conocerte.<\/p>\n<p>&nbsp;<\/p>\n<p>[\/et_pb_text][\/et_pb_column][\/et_pb_row][\/et_pb_section][et_pb_section fb_built=\u00bb1&#8243; _builder_version=\u00bb4.21.0&#8243; _module_preset=\u00bbdefault\u00bb background_color=\u00bb#f6f6f6&#8243; custom_padding=\u00bb100px||142px||false|false\u00bb locked=\u00bboff\u00bb global_colors_info=\u00bb{}\u00bb][et_pb_row _builder_version=\u00bb4.21.0&#8243; _module_preset=\u00bbdefault\u00bb width_tablet=\u00bb100%\u00bb width_phone=\u00bb100%\u00bb width_last_edited=\u00bboff|desktop\u00bb max_width=\u00bb80%\u00bb module_alignment=\u00bbcenter\u00bb custom_margin_tablet=\u00bb50px||30px|0px|false|false\u00bb custom_margin_phone=\u00bb50px||30px|0px|false|false\u00bb custom_margin_last_edited=\u00bboff|desktop\u00bb custom_padding=\u00bb0px||0px||false|false\u00bb locked=\u00bboff\u00bb global_colors_info=\u00bb{}\u00bb width__hover_enabled=\u00bboff|desktop\u00bb][et_pb_column type=\u00bb4_4&#8243; saved_specialty_column_type=\u00bb1_2&#8243; _builder_version=\u00bb4.17.4&#8243; _module_preset=\u00bbdefault\u00bb global_colors_info=\u00bb{}\u00bb][et_pb_text disabled_on=\u00bboff|off|off\u00bb _builder_version=\u00bb4.21.0&#8243; _module_preset=\u00bbdefault\u00bb header_2_font=\u00bbOverpass|900||on|||||\u00bb header_2_text_align=\u00bbcenter\u00bb header_2_text_color=\u00bb#17161a\u00bb header_2_font_size=\u00bb52px\u00bb header_2_letter_spacing=\u00bb-1px\u00bb header_2_line_height=\u00bb1.2em\u00bb custom_margin=\u00bb0px||12px||false|false\u00bb custom_padding=\u00bb0px||0px||false|false\u00bb header_2_font_size_tablet=\u00bb52px\u00bb header_2_font_size_phone=\u00bb30px\u00bb header_2_font_size_last_edited=\u00bbon|phone\u00bb locked=\u00bboff\u00bb global_colors_info=\u00bb{}\u00bb]<\/p>\n<h2>Env\u00edanos tu curr\u00edculum\u00a0<\/h2>\n<p>[\/et_pb_text][et_pb_text _builder_version=\u00bb4.21.0&#8243; _module_preset=\u00bbdefault\u00bb text_font=\u00bbManrope||||||||\u00bb text_text_color=\u00bb#000000&#8243; text_font_size=\u00bb18px\u00bb text_line_height=\u00bb2em\u00bb text_orientation=\u00bbcenter\u00bb custom_margin=\u00bb0px||20px||false|false\u00bb custom_margin_tablet=\u00bb10px||0px||false|false\u00bb custom_margin_phone=\u00bb10px||0px||false|false\u00bb custom_margin_last_edited=\u00bbon|phone\u00bb custom_padding=\u00bb0px||0px||false|false\u00bb locked=\u00bboff\u00bb global_colors_info=\u00bb{}\u00bb]<\/p>\n<p style=\"text-align: center;\">Al trabajar en Antol\u00edn Asesores formar\u00e1s parte de un equipo multidisciplinar donde podr\u00e1s demostrar tu val\u00eda profesional. \u00bfQuieres dirigir tu carrera con \u00e9xito? Rellena el siguiente formulario y d\u00e9janos conocerte.<\/p>\n<p>&nbsp;<\/p>\n<p>[\/et_pb_text][et_pb_contact_form email=\u00bbinfo@antolinasesores.es\u00bb custom_message=\u00bbInformaci\u00f3n recolectada del formulario de contacto de la pagina %22Env\u00eda tu curiculum%22||et_pb_line_break_holder||||et_pb_line_break_holder||Nombres:  %%Name%%||et_pb_line_break_holder||Apellidos: %%Name2%%||et_pb_line_break_holder||Tel\u00e9fono:  %%Phone%%||et_pb_line_break_holder||Correo:  %%Email%%||et_pb_line_break_holder||Mensaje:  %%Message%%||et_pb_line_break_holder||Archivo:  %%Subir%%\u00bb _builder_version=\u00bb4.21.0&#8243; _module_preset=\u00bbdefault\u00bb _unique_id=\u00bb2175da60-e1cd-4796-b001-303d5d7d4ea9&#8243; form_field_background_color=\u00bb#FFFFFF\u00bb form_field_text_color=\u00bbrgba(0,0,0,0.52)\u00bb form_field_font=\u00bbManrope||||||||\u00bb form_field_font_size=\u00bb18px\u00bb custom_button=\u00bbon\u00bb button_text_color=\u00bb#FFFFFF\u00bb button_bg_color=\u00bb#b82832&#8243; button_border_color=\u00bb#b82832&#8243; button_font=\u00bbManrope||||||||\u00bb border_color_right=\u00bb#b82832&#8243; border_color_bottom=\u00bb#b82832&#8243; border_color_left=\u00bb#b82832&#8243; global_colors_info=\u00bb{}\u00bb][et_pb_contact_field field_id=\u00bbName\u00bb field_title=\u00bbNombres\u00bb _builder_version=\u00bb4.21.0&#8243; global_colors_info=\u00bb{}\u00bb button_text_size__hover_enabled=\u00bboff\u00bb button_one_text_size__hover_enabled=\u00bboff\u00bb button_two_text_size__hover_enabled=\u00bboff\u00bb button_text_color__hover_enabled=\u00bboff\u00bb button_one_text_color__hover_enabled=\u00bboff\u00bb button_two_text_color__hover_enabled=\u00bboff\u00bb button_border_width__hover_enabled=\u00bboff\u00bb button_one_border_width__hover_enabled=\u00bboff\u00bb button_two_border_width__hover_enabled=\u00bboff\u00bb button_border_color__hover_enabled=\u00bboff\u00bb button_one_border_color__hover_enabled=\u00bboff\u00bb button_two_border_color__hover_enabled=\u00bboff\u00bb button_border_radius__hover_enabled=\u00bboff\u00bb button_one_border_radius__hover_enabled=\u00bboff\u00bb button_two_border_radius__hover_enabled=\u00bboff\u00bb button_letter_spacing__hover_enabled=\u00bboff\u00bb button_one_letter_spacing__hover_enabled=\u00bboff\u00bb button_two_letter_spacing__hover_enabled=\u00bboff\u00bb button_bg_color__hover_enabled=\u00bboff\u00bb button_one_bg_color__hover_enabled=\u00bboff\u00bb button_two_bg_color__hover_enabled=\u00bboff\u00bb][\/et_pb_contact_field][et_pb_contact_field field_id=\u00bbName2&#8243; field_title=\u00bbApellidos\u00bb _builder_version=\u00bb4.21.0&#8243; global_colors_info=\u00bb{}\u00bb button_text_size__hover_enabled=\u00bboff\u00bb button_one_text_size__hover_enabled=\u00bboff\u00bb button_two_text_size__hover_enabled=\u00bboff\u00bb button_text_color__hover_enabled=\u00bboff\u00bb button_one_text_color__hover_enabled=\u00bboff\u00bb button_two_text_color__hover_enabled=\u00bboff\u00bb button_border_width__hover_enabled=\u00bboff\u00bb button_one_border_width__hover_enabled=\u00bboff\u00bb button_two_border_width__hover_enabled=\u00bboff\u00bb button_border_color__hover_enabled=\u00bboff\u00bb button_one_border_color__hover_enabled=\u00bboff\u00bb button_two_border_color__hover_enabled=\u00bboff\u00bb button_border_radius__hover_enabled=\u00bboff\u00bb button_one_border_radius__hover_enabled=\u00bboff\u00bb button_two_border_radius__hover_enabled=\u00bboff\u00bb button_letter_spacing__hover_enabled=\u00bboff\u00bb button_one_letter_spacing__hover_enabled=\u00bboff\u00bb button_two_letter_spacing__hover_enabled=\u00bboff\u00bb button_bg_color__hover_enabled=\u00bboff\u00bb button_one_bg_color__hover_enabled=\u00bboff\u00bb button_two_bg_color__hover_enabled=\u00bboff\u00bb][\/et_pb_contact_field][et_pb_contact_field field_id=\u00bbPhone\u00bb field_title=\u00bbTel\u00e9fono \u00bb allowed_symbols=\u00bbnumbers\u00bb _builder_version=\u00bb4.21.0&#8243; global_colors_info=\u00bb{}\u00bb button_text_size__hover_enabled=\u00bboff\u00bb button_one_text_size__hover_enabled=\u00bboff\u00bb button_two_text_size__hover_enabled=\u00bboff\u00bb button_text_color__hover_enabled=\u00bboff\u00bb button_one_text_color__hover_enabled=\u00bboff\u00bb button_two_text_color__hover_enabled=\u00bboff\u00bb button_border_width__hover_enabled=\u00bboff\u00bb button_one_border_width__hover_enabled=\u00bboff\u00bb button_two_border_width__hover_enabled=\u00bboff\u00bb button_border_color__hover_enabled=\u00bboff\u00bb button_one_border_color__hover_enabled=\u00bboff\u00bb button_two_border_color__hover_enabled=\u00bboff\u00bb button_border_radius__hover_enabled=\u00bboff\u00bb button_one_border_radius__hover_enabled=\u00bboff\u00bb button_two_border_radius__hover_enabled=\u00bboff\u00bb button_letter_spacing__hover_enabled=\u00bboff\u00bb button_one_letter_spacing__hover_enabled=\u00bboff\u00bb button_two_letter_spacing__hover_enabled=\u00bboff\u00bb button_bg_color__hover_enabled=\u00bboff\u00bb button_one_bg_color__hover_enabled=\u00bboff\u00bb button_two_bg_color__hover_enabled=\u00bboff\u00bb][\/et_pb_contact_field][et_pb_contact_field field_id=\u00bbEmail\u00bb field_title=\u00bbDirecci\u00f3n de correo electr\u00f3nico\u00bb field_type=\u00bbemail\u00bb _builder_version=\u00bb4.16&#8243; global_colors_info=\u00bb{}\u00bb button_text_size__hover_enabled=\u00bboff\u00bb button_one_text_size__hover_enabled=\u00bboff\u00bb button_two_text_size__hover_enabled=\u00bboff\u00bb button_text_color__hover_enabled=\u00bboff\u00bb button_one_text_color__hover_enabled=\u00bboff\u00bb button_two_text_color__hover_enabled=\u00bboff\u00bb button_border_width__hover_enabled=\u00bboff\u00bb button_one_border_width__hover_enabled=\u00bboff\u00bb button_two_border_width__hover_enabled=\u00bboff\u00bb button_border_color__hover_enabled=\u00bboff\u00bb button_one_border_color__hover_enabled=\u00bboff\u00bb button_two_border_color__hover_enabled=\u00bboff\u00bb button_border_radius__hover_enabled=\u00bboff\u00bb button_one_border_radius__hover_enabled=\u00bboff\u00bb button_two_border_radius__hover_enabled=\u00bboff\u00bb button_letter_spacing__hover_enabled=\u00bboff\u00bb button_one_letter_spacing__hover_enabled=\u00bboff\u00bb button_two_letter_spacing__hover_enabled=\u00bboff\u00bb button_bg_color__hover_enabled=\u00bboff\u00bb button_one_bg_color__hover_enabled=\u00bboff\u00bb button_two_bg_color__hover_enabled=\u00bboff\u00bb][\/et_pb_contact_field][et_pb_contact_field field_id=\u00bbMessage\u00bb field_title=\u00bbMensaje\u00bb field_type=\u00bbtext\u00bb fullwidth_field=\u00bbon\u00bb _builder_version=\u00bb4.16&#8243; global_colors_info=\u00bb{}\u00bb button_text_size__hover_enabled=\u00bboff\u00bb button_one_text_size__hover_enabled=\u00bboff\u00bb button_two_text_size__hover_enabled=\u00bboff\u00bb button_text_color__hover_enabled=\u00bboff\u00bb button_one_text_color__hover_enabled=\u00bboff\u00bb button_two_text_color__hover_enabled=\u00bboff\u00bb button_border_width__hover_enabled=\u00bboff\u00bb button_one_border_width__hover_enabled=\u00bboff\u00bb button_two_border_width__hover_enabled=\u00bboff\u00bb button_border_color__hover_enabled=\u00bboff\u00bb button_one_border_color__hover_enabled=\u00bboff\u00bb button_two_border_color__hover_enabled=\u00bboff\u00bb button_border_radius__hover_enabled=\u00bboff\u00bb button_one_border_radius__hover_enabled=\u00bboff\u00bb button_two_border_radius__hover_enabled=\u00bboff\u00bb button_letter_spacing__hover_enabled=\u00bboff\u00bb button_one_letter_spacing__hover_enabled=\u00bboff\u00bb button_two_letter_spacing__hover_enabled=\u00bboff\u00bb button_bg_color__hover_enabled=\u00bboff\u00bb button_one_bg_color__hover_enabled=\u00bboff\u00bb button_two_bg_color__hover_enabled=\u00bboff\u00bb][\/et_pb_contact_field][et_pb_contact_field field_id=\u00bbSubir\u00bb field_title=\u00bbSugerencia: si necesita enviar varios archivos, puede comprimirlos en un archivo .Rar y subirlos.\u00bb fullwidth_field=\u00bbon\u00bb _builder_version=\u00bb4.21.0&#8243; _module_preset=\u00bbdefault\u00bb form_field_font_size=\u00bb13px\u00bb attach_advanced_fields=\u00bbon\u00bb attach_file_size=\u00bb400&#8243; attach_button_text=\u00bbSubir archivo\u00bb attach_change_file_label=\u00bbCambiar archivo\u00bb attach_no_file_label=\u00bbNo hay archivo seleccionado\u00bb attach_file_type=\u00bb.docx, .png, .Rar, .pdf\u00bb global_colors_info=\u00bb{}\u00bb][\/et_pb_contact_field][\/et_pb_contact_form][\/et_pb_column][\/et_pb_row][\/et_pb_section]<\/p>","protected":false},"excerpt":{"rendered":"<p>ENV\u00cdA TU CURRICULUMTrabaja con nosotrosAl trabajar en Antol\u00edn Asesores formar\u00e1s parte de un equipo multidisciplinar donde podr\u00e1s demostrar tu val\u00eda profesional. \u00bfQuieres dirigir tu carrera con \u00e9xito? Rellena el siguiente formulario y d\u00e9janos conocerte. &nbsp;Env\u00edanos tu curr\u00edculum\u00a0Al trabajar en Antol\u00edn Asesores formar\u00e1s parte de un equipo multidisciplinar donde podr\u00e1s demostrar tu val\u00eda profesional. \u00bfQuieres dirigir [&hellip;]<\/p>","protected":false},"author":2,"featured_media":0,"parent":0,"menu_order":0,"comment_status":"closed","ping_status":"closed","template":"","meta":{"_et_pb_use_builder":"on","_et_pb_old_content":"<!-- wp:divi\/placeholder \/-->","_et_gb_content_width":"","_mi_skip_tracking":false,"_monsterinsights_sitenote_active":false,"_monsterinsights_sitenote_note":"","_monsterinsights_sitenote_category":0,"footnotes":""},"class_list":["post-75","page","type-page","status-publish","hentry"],"aioseo_notices":[],"yoast_head":"<!-- This site is optimized with the Yoast SEO plugin v20.9 - https:\/\/yoast.com\/wordpress\/plugins\/seo\/ -->\n<title>env\u00eda tu curriculum - Antol&iacute;n Asesores<\/title>\n<meta name=\"robots\" content=\"index, follow, max-snippet:-1, max-image-preview:large, max-video-preview:-1\" \/>\n<link rel=\"canonical\" href=\"https:\/\/antolinasesores.es\/en\/envia-tu-curriculum\/\" \/>\n<meta property=\"og:locale\" content=\"en_GB\" \/>\n<meta property=\"og:type\" content=\"article\" \/>\n<meta property=\"og:title\" content=\"env\u00eda tu curriculum - Antol&iacute;n Asesores\" \/>\n<meta property=\"og:description\" content=\"ENV\u00cdA TU CURRICULUMTrabaja con nosotrosAl trabajar en Antol\u00edn Asesores formar\u00e1s parte de un equipo multidisciplinar donde podr\u00e1s demostrar tu val\u00eda profesional. \u00bfQuieres dirigir tu carrera con \u00e9xito? Rellena el siguiente formulario y d\u00e9janos conocerte. &nbsp;Env\u00edanos tu curr\u00edculum\u00a0Al trabajar en Antol\u00edn Asesores formar\u00e1s parte de un equipo multidisciplinar donde podr\u00e1s demostrar tu val\u00eda profesional. \u00bfQuieres dirigir [&hellip;]\" \/>\n<meta property=\"og:url\" content=\"https:\/\/antolinasesores.es\/en\/envia-tu-curriculum\/\" \/>\n<meta property=\"og:site_name\" content=\"Antol&iacute;n Asesores\" \/>\n<meta property=\"article:modified_time\" content=\"2023-06-05T19:13:58+00:00\" \/>\n<meta name=\"twitter:card\" content=\"summary_large_image\" \/>\n<meta name=\"twitter:label1\" content=\"Estimated reading time\" \/>\n\t<meta name=\"twitter:data1\" content=\"10 minutes\" \/>\n<script type=\"application\/ld+json\" class=\"yoast-schema-graph\">{\"@context\":\"https:\/\/schema.org\",\"@graph\":[{\"@type\":\"WebPage\",\"@id\":\"https:\/\/antolinasesores.es\/envia-tu-curriculum\/\",\"url\":\"https:\/\/antolinasesores.es\/envia-tu-curriculum\/\",\"name\":\"env\u00eda tu curriculum - Antol&iacute;n Asesores\",\"isPartOf\":{\"@id\":\"https:\/\/antolinasesores.es\/#website\"},\"datePublished\":\"2023-05-29T18:04:13+00:00\",\"dateModified\":\"2023-06-05T19:13:58+00:00\",\"breadcrumb\":{\"@id\":\"https:\/\/antolinasesores.es\/envia-tu-curriculum\/#breadcrumb\"},\"inLanguage\":\"en-GB\",\"potentialAction\":[{\"@type\":\"ReadAction\",\"target\":[\"https:\/\/antolinasesores.es\/envia-tu-curriculum\/\"]}]},{\"@type\":\"BreadcrumbList\",\"@id\":\"https:\/\/antolinasesores.es\/envia-tu-curriculum\/#breadcrumb\",\"itemListElement\":[{\"@type\":\"ListItem\",\"position\":1,\"name\":\"Portada\",\"item\":\"https:\/\/antolinasesores.es\/\"},{\"@type\":\"ListItem\",\"position\":2,\"name\":\"env\u00eda tu curriculum\"}]},{\"@type\":\"WebSite\",\"@id\":\"https:\/\/antolinasesores.es\/#website\",\"url\":\"https:\/\/antolinasesores.es\/\",\"name\":\"Antolin Asesores\",\"description\":\"Asesor\u00eda para empresas, aut\u00f3nomos y particulares en Almer\u00eda\",\"publisher\":{\"@id\":\"https:\/\/antolinasesores.es\/#organization\"},\"potentialAction\":[{\"@type\":\"SearchAction\",\"target\":{\"@type\":\"EntryPoint\",\"urlTemplate\":\"https:\/\/antolinasesores.es\/?s={search_term_string}\"},\"query-input\":\"required name=search_term_string\"}],\"inLanguage\":\"en-GB\"},{\"@type\":\"Organization\",\"@id\":\"https:\/\/antolinasesores.es\/#organization\",\"name\":\"Antolin Asesores\",\"url\":\"https:\/\/antolinasesores.es\/\",\"logo\":{\"@type\":\"ImageObject\",\"inLanguage\":\"en-GB\",\"@id\":\"https:\/\/antolinasesores.es\/#\/schema\/logo\/image\/\",\"url\":\"https:\/\/antolinasesores.es\/wp-content\/uploads\/2023\/05\/ICONO.jpg\",\"contentUrl\":\"https:\/\/antolinasesores.es\/wp-content\/uploads\/2023\/05\/ICONO.jpg\",\"width\":900,\"height\":475,\"caption\":\"Antolin Asesores\"},\"image\":{\"@id\":\"https:\/\/antolinasesores.es\/#\/schema\/logo\/image\/\"}}]}<\/script>\n<!-- \/ Yoast SEO plugin. -->","yoast_head_json":{"title":"env\u00eda tu curriculum - Antol&iacute;n Asesores","robots":{"index":"index","follow":"follow","max-snippet":"max-snippet:-1","max-image-preview":"max-image-preview:large","max-video-preview":"max-video-preview:-1"},"canonical":"https:\/\/antolinasesores.es\/en\/envia-tu-curriculum\/","og_locale":"en_GB","og_type":"article","og_title":"env\u00eda tu curriculum - Antol&iacute;n Asesores","og_description":"ENV\u00cdA TU CURRICULUMTrabaja con nosotrosAl trabajar en Antol\u00edn Asesores formar\u00e1s parte de un equipo multidisciplinar donde podr\u00e1s demostrar tu val\u00eda profesional. \u00bfQuieres dirigir tu carrera con \u00e9xito? Rellena el siguiente formulario y d\u00e9janos conocerte. &nbsp;Env\u00edanos tu curr\u00edculum\u00a0Al trabajar en Antol\u00edn Asesores formar\u00e1s parte de un equipo multidisciplinar donde podr\u00e1s demostrar tu val\u00eda profesional. \u00bfQuieres dirigir [&hellip;]","og_url":"https:\/\/antolinasesores.es\/en\/envia-tu-curriculum\/","og_site_name":"Antol&iacute;n Asesores","article_modified_time":"2023-06-05T19:13:58+00:00","twitter_card":"summary_large_image","twitter_misc":{"Estimated reading time":"10 minutes"},"schema":{"@context":"https:\/\/schema.org","@graph":[{"@type":"WebPage","@id":"https:\/\/antolinasesores.es\/envia-tu-curriculum\/","url":"https:\/\/antolinasesores.es\/envia-tu-curriculum\/","name":"env\u00eda tu curriculum - Antol&iacute;n Asesores","isPartOf":{"@id":"https:\/\/antolinasesores.es\/#website"},"datePublished":"2023-05-29T18:04:13+00:00","dateModified":"2023-06-05T19:13:58+00:00","breadcrumb":{"@id":"https:\/\/antolinasesores.es\/envia-tu-curriculum\/#breadcrumb"},"inLanguage":"en-GB","potentialAction":[{"@type":"ReadAction","target":["https:\/\/antolinasesores.es\/envia-tu-curriculum\/"]}]},{"@type":"BreadcrumbList","@id":"https:\/\/antolinasesores.es\/envia-tu-curriculum\/#breadcrumb","itemListElement":[{"@type":"ListItem","position":1,"name":"Portada","item":"https:\/\/antolinasesores.es\/"},{"@type":"ListItem","position":2,"name":"env\u00eda tu curriculum"}]},{"@type":"WebSite","@id":"https:\/\/antolinasesores.es\/#website","url":"https:\/\/antolinasesores.es\/","name":"Antolin Asesores","description":"Asesor\u00eda para empresas, aut\u00f3nomos y particulares en Almer\u00eda","publisher":{"@id":"https:\/\/antolinasesores.es\/#organization"},"potentialAction":[{"@type":"SearchAction","target":{"@type":"EntryPoint","urlTemplate":"https:\/\/antolinasesores.es\/?s={search_term_string}"},"query-input":"required name=search_term_string"}],"inLanguage":"en-GB"},{"@type":"Organization","@id":"https:\/\/antolinasesores.es\/#organization","name":"Antolin Asesores","url":"https:\/\/antolinasesores.es\/","logo":{"@type":"ImageObject","inLanguage":"en-GB","@id":"https:\/\/antolinasesores.es\/#\/schema\/logo\/image\/","url":"https:\/\/antolinasesores.es\/wp-content\/uploads\/2023\/05\/ICONO.jpg","contentUrl":"https:\/\/antolinasesores.es\/wp-content\/uploads\/2023\/05\/ICONO.jpg","width":900,"height":475,"caption":"Antolin Asesores"},"image":{"@id":"https:\/\/antolinasesores.es\/#\/schema\/logo\/image\/"}}]}},"_links":{"self":[{"href":"https:\/\/antolinasesores.es\/en\/wp-json\/wp\/v2\/pages\/75","targetHints":{"allow":["GET"]}}],"collection":[{"href":"https:\/\/antolinasesores.es\/en\/wp-json\/wp\/v2\/pages"}],"about":[{"href":"https:\/\/antolinasesores.es\/en\/wp-json\/wp\/v2\/types\/page"}],"author":[{"embeddable":true,"href":"https:\/\/antolinasesores.es\/en\/wp-json\/wp\/v2\/users\/2"}],"replies":[{"embeddable":true,"href":"https:\/\/antolinasesores.es\/en\/wp-json\/wp\/v2\/comments?post=75"}],"version-history":[{"count":27,"href":"https:\/\/antolinasesores.es\/en\/wp-json\/wp\/v2\/pages\/75\/revisions"}],"predecessor-version":[{"id":343,"href":"https:\/\/antolinasesores.es\/en\/wp-json\/wp\/v2\/pages\/75\/revisions\/343"}],"wp:attachment":[{"href":"https:\/\/antolinasesores.es\/en\/wp-json\/wp\/v2\/media?parent=75"}],"curies":[{"name":"wp","href":"https:\/\/api.w.org\/{rel}","templated":true}]}}